{"id":20898,"date":"2014-03-25T16:18:20","date_gmt":"2014-03-25T15:18:20","guid":{"rendered":"https:\/\/www.italyheart.it\/i-nostri-valori\/"},"modified":"2022-05-20T10:49:31","modified_gmt":"2022-05-20T08:49:31","slug":"our-values","status":"publish","type":"page","link":"https:\/\/www.italyheart.it\/en\/our-values\/","title":{"rendered":"Our values"},"content":{"rendered":"\t\t<div data-elementor-type=\"wp-page\" data-elementor-id=\"20898\" class=\"elementor elementor-20898 elementor-13869\" data-elementor-settings=\"[]\">\n\t\t\t\t\t\t<div class=\"elementor-inner\">\n\t\t\t\t\t\t\t<div class=\"elementor-section-wrap\">\n\t\t\t\t\t\t\t<section class=\"elementor-section elementor-top-section elementor-element elementor-element-1a3741ce qode_elementor_container_inner elementor-section-boxed elementor-section-height-default elementor-section-height-default parallax_section_no\" data-id=\"1a3741ce\" data-element_type=\"section\">\n\t\t\t\t\t\t<div class=\"elementor-container elementor-column-gap-no\">\n\t\t\t\t\t\t\t<div class=\"elementor-row\">\n\t\t\t\t\t<div class=\"elementor-column elementor-col-100 elementor-top-column elementor-element elementor-element-74205431\" data-id=\"74205431\" data-element_type=\"column\">\n\t\t\t<div class=\"elementor-column-wrap elementor-element-populated\">\n\t\t\t\t\t\t\t<div class=\"elementor-widget-wrap\">\n\t\t\t\t\t\t<div class=\"elementor-element elementor-element-76b7e02c elementor-widget elementor-widget-text-editor\" data-id=\"76b7e02c\" data-element_type=\"widget\" data-widget_type=\"text-editor.default\">\n\t\t\t\t<div class=\"elementor-widget-container\">\n\t\t\t\t\t<div class=\"elementor-text-editor elementor-clearfix\"><h4 style=\"text-align: center;\">We will never fail our values, because they are what guides us and sets us apart.\n<\/h4><\/div>\n\t\t\t\t<\/div>\n\t\t\t\t<\/div>\n\t\t\t\t<div class=\"elementor-element elementor-element-54b9654 elementor-widget elementor-widget-spacer\" data-id=\"54b9654\" data-element_type=\"widget\" data-widget_type=\"spacer.default\">\n\t\t\t\t<div class=\"elementor-widget-container\">\n\t\t\t\t\t<div class=\"elementor-spacer\">\n\t\t\t<div class=\"elementor-spacer-inner\"><\/div>\n\t\t<\/div>\n\t\t\t\t<\/div>\n\t\t\t\t<\/div>\n\t\t\t\t\t\t<\/div>\n\t\t\t\t\t<\/div>\n\t\t<\/div>\n\t\t\t\t\t\t\t\t<\/div>\n\t\t\t\t\t<\/div>\n\t\t<\/section>\n\t\t\t\t<section class=\"elementor-section elementor-top-section elementor-element elementor-element-9d94409 qode_elementor_container_inner elementor-section-boxed elementor-section-height-default elementor-section-height-default parallax_section_no\" data-id=\"9d94409\" data-element_type=\"section\">\n\t\t\t\t\t\t<div class=\"elementor-container elementor-column-gap-default\">\n\t\t\t\t\t\t\t<div class=\"elementor-row\">\n\t\t\t\t\t<div class=\"elementor-column elementor-col-50 elementor-top-column elementor-element elementor-element-d3e980d\" data-id=\"d3e980d\" data-element_type=\"column\">\n\t\t\t<div class=\"elementor-column-wrap elementor-element-populated\">\n\t\t\t\t\t\t\t<div class=\"elementor-widget-wrap\">\n\t\t\t\t\t\t<div class=\"elementor-element elementor-element-49b0148 elementor-widget elementor-widget-bridge_image_with_text_over\" data-id=\"49b0148\" data-element_type=\"widget\" data-widget_type=\"bridge_image_with_text_over.default\">\n\t\t\t\t<div class=\"elementor-widget-container\">\n\t\t\t<div class=\"q_image_with_text_over\"><div class=\"shader\" ><\/div><img decoding=\"async\" itemprop=\"image\" src=\"https:\/\/www.italyheart.it\/wp-content\/uploads\/2021\/02\/olives-253264_1920-1.jpg\" alt=\"HONESTY AND TRANSPARENCY\" \/><div class=\"text\"><table><tr><td><h3 class=\"caption no_icon\" style=\"\">HONESTY AND TRANSPARENCY<\/h3><\/td><\/tr><\/table><table><tr><td><div class=\"desc\"><p>You will find <strong>honesty<\/strong> and <strong>transparency<\/strong> in everything we and our partners do. In Le Birigotte products and those from our Pantry, in the dishes we offer at Ristorante C'era una volta in Amelia, and in our L\u2019Infinito extra virgin olive oil, which is unique in the world.<\/p><\/div><\/td><\/tr><\/table><\/div><\/div>\t\t<\/div>\n\t\t\t\t<\/div>\n\t\t\t\t\t\t<\/div>\n\t\t\t\t\t<\/div>\n\t\t<\/div>\n\t\t\t\t<div class=\"elementor-column elementor-col-50 elementor-top-column elementor-element elementor-element-8324c40\" data-id=\"8324c40\" data-element_type=\"column\">\n\t\t\t<div class=\"elementor-column-wrap elementor-element-populated\">\n\t\t\t\t\t\t\t<div class=\"elementor-widget-wrap\">\n\t\t\t\t\t\t<div class=\"elementor-element elementor-element-f4d2559 elementor-widget elementor-widget-bridge_image_with_text_over\" data-id=\"f4d2559\" data-element_type=\"widget\" data-widget_type=\"bridge_image_with_text_over.default\">\n\t\t\t\t<div class=\"elementor-widget-container\">\n\t\t\t<div class=\"q_image_with_text_over\"><div class=\"shader\" ><\/div><img decoding=\"async\" itemprop=\"image\" src=\"https:\/\/www.italyheart.it\/wp-content\/uploads\/2021\/02\/olives-1752199_1920-1.jpg\" alt=\"LOVE AND PASSION FOR OUR LAND\" \/><div class=\"text\"><table><tr><td><h3 class=\"caption no_icon\" style=\"\">LOVE AND PASSION FOR OUR LAND<\/h3><\/td><\/tr><\/table><table><tr><td><div class=\"desc\"><p>In the warm welcome of our staff, you will be able to feel all our <strong>love and passion for our land<\/strong>, its traditions, history, and its people.\u00a0<\/p><\/div><\/td><\/tr><\/table><\/div><\/div>\t\t<\/div>\n\t\t\t\t<\/div>\n\t\t\t\t\t\t<\/div>\n\t\t\t\t\t<\/div>\n\t\t<\/div>\n\t\t\t\t\t\t\t\t<\/div>\n\t\t\t\t\t<\/div>\n\t\t<\/section>\n\t\t\t\t<section class=\"elementor-section elementor-top-section elementor-element elementor-element-b68c242 qode_elementor_container_inner elementor-section-boxed elementor-section-height-default elementor-section-height-default parallax_section_no\" data-id=\"b68c242\" data-element_type=\"section\">\n\t\t\t\t\t\t<div class=\"elementor-container elementor-column-gap-default\">\n\t\t\t\t\t\t\t<div class=\"elementor-row\">\n\t\t\t\t\t<div class=\"elementor-column elementor-col-50 elementor-top-column elementor-element elementor-element-68eeb69\" data-id=\"68eeb69\" data-element_type=\"column\">\n\t\t\t<div class=\"elementor-column-wrap elementor-element-populated\">\n\t\t\t\t\t\t\t<div class=\"elementor-widget-wrap\">\n\t\t\t\t\t\t<div class=\"elementor-element elementor-element-35bf9fd elementor-widget elementor-widget-bridge_image_with_text_over\" data-id=\"35bf9fd\" data-element_type=\"widget\" data-widget_type=\"bridge_image_with_text_over.default\">\n\t\t\t\t<div class=\"elementor-widget-container\">\n\t\t\t<div class=\"q_image_with_text_over\"><div class=\"shader\" ><\/div><img decoding=\"async\" itemprop=\"image\" src=\"https:\/\/www.italyheart.it\/wp-content\/uploads\/2021\/10\/Ecosolidarieta\u03002.jpg\" alt=\"OUR SEARCH FOR WHAT'S GOOD \"IN EVERY SENSE OF THE WORD\"\" \/><div class=\"text\"><table><tr><td><h3 class=\"caption no_icon\" style=\"\">OUR SEARCH FOR WHAT'S GOOD \"IN EVERY SENSE OF THE WORD\"<\/h3><\/td><\/tr><\/table><table><tr><td><div class=\"desc\"><p>What characterises us is a constant search for what's <strong>\"good in every sense of the word\"<\/strong>, at the table, in the pantry, and in our openness to those in need, a search to which we constantly tend because it is part of our very nature.\u00a0<\/p><\/div><\/td><\/tr><\/table><\/div><\/div>\t\t<\/div>\n\t\t\t\t<\/div>\n\t\t\t\t\t\t<\/div>\n\t\t\t\t\t<\/div>\n\t\t<\/div>\n\t\t\t\t<div class=\"elementor-column elementor-col-50 elementor-top-column elementor-element elementor-element-befc710\" data-id=\"befc710\" data-element_type=\"column\">\n\t\t\t<div class=\"elementor-column-wrap elementor-element-populated\">\n\t\t\t\t\t\t\t<div class=\"elementor-widget-wrap\">\n\t\t\t\t\t\t<div class=\"elementor-element elementor-element-2038e86 elementor-widget elementor-widget-bridge_image_with_text_over\" data-id=\"2038e86\" data-element_type=\"widget\" data-widget_type=\"bridge_image_with_text_over.default\">\n\t\t\t\t<div class=\"elementor-widget-container\">\n\t\t\t<div class=\"q_image_with_text_over\"><div class=\"shader\" ><\/div><img decoding=\"async\" itemprop=\"image\" src=\"https:\/\/www.italyheart.it\/wp-content\/uploads\/2021\/10\/IMG_4310-1-1.jpg\" alt=\"HEALTHY AND NATURAL FOOD\" \/><div class=\"text\"><table><tr><td><h3 class=\"caption no_icon\" style=\"\">HEALTHY AND NATURAL FOOD<\/h3><\/td><\/tr><\/table><table><tr><td><div class=\"desc\"><p>The <strong>best food <\/strong>is <strong>healthy and natural<\/strong> and we pay special attention to and take particular care over this, in the knowledge that we are what we eat.\u00a0<\/p><\/div><\/td><\/tr><\/table><\/div><\/div>\t\t<\/div>\n\t\t\t\t<\/div>\n\t\t\t\t\t\t<\/div>\n\t\t\t\t\t<\/div>\n\t\t<\/div>\n\t\t\t\t\t\t\t\t<\/div>\n\t\t\t\t\t<\/div>\n\t\t<\/section>\n\t\t\t\t<section class=\"elementor-section elementor-top-section elementor-element elementor-element-a62d3aa qode_elementor_container_inner elementor-section-boxed elementor-section-height-default elementor-section-height-default parallax_section_no\" data-id=\"a62d3aa\" data-element_type=\"section\">\n\t\t\t\t\t\t<div class=\"elementor-container elementor-column-gap-default\">\n\t\t\t\t\t\t\t<div class=\"elementor-row\">\n\t\t\t\t\t<div class=\"elementor-column elementor-col-50 elementor-top-column elementor-element elementor-element-f1ff616\" data-id=\"f1ff616\" data-element_type=\"column\">\n\t\t\t<div class=\"elementor-column-wrap elementor-element-populated\">\n\t\t\t\t\t\t\t<div class=\"elementor-widget-wrap\">\n\t\t\t\t\t\t<div class=\"elementor-element elementor-element-c157652 elementor-widget elementor-widget-bridge_image_with_text_over\" data-id=\"c157652\" data-element_type=\"widget\" data-widget_type=\"bridge_image_with_text_over.default\">\n\t\t\t\t<div class=\"elementor-widget-container\">\n\t\t\t<div class=\"q_image_with_text_over\"><div class=\"shader\" ><\/div><img decoding=\"async\" itemprop=\"image\" src=\"https:\/\/www.italyheart.it\/wp-content\/uploads\/2021\/10\/IMG_2313-1.jpg\" alt=\"SHARING\" \/><div class=\"text\"><table><tr><td><h3 class=\"caption no_icon\" style=\"\">SHARING<\/h3><\/td><\/tr><\/table><table><tr><td><div class=\"desc\"><p>Thus we naturally want to <strong>share <\/strong>all this with anyone who wishes to enjoy it and make it their own , because we truly believe that this is what makes life beautiful.\u00a0<\/p><\/div><\/td><\/tr><\/table><\/div><\/div>\t\t<\/div>\n\t\t\t\t<\/div>\n\t\t\t\t\t\t<\/div>\n\t\t\t\t\t<\/div>\n\t\t<\/div>\n\t\t\t\t<div class=\"elementor-column elementor-col-50 elementor-top-column elementor-element elementor-element-92f308c\" data-id=\"92f308c\" data-element_type=\"column\">\n\t\t\t<div class=\"elementor-column-wrap elementor-element-populated\">\n\t\t\t\t\t\t\t<div class=\"elementor-widget-wrap\">\n\t\t\t\t\t\t<div class=\"elementor-element elementor-element-346cd01 elementor-widget elementor-widget-bridge_image_with_text_over\" data-id=\"346cd01\" data-element_type=\"widget\" data-widget_type=\"bridge_image_with_text_over.default\">\n\t\t\t\t<div class=\"elementor-widget-container\">\n\t\t\t<div class=\"q_image_with_text_over\"><div class=\"shader\" ><\/div><img decoding=\"async\" itemprop=\"image\" src=\"https:\/\/www.italyheart.it\/wp-content\/uploads\/2021\/10\/Ecofamiglia-Italyheart.jpg\" alt=\"SOLIDARITY\" \/><div class=\"text\"><table><tr><td><h3 class=\"caption no_icon\" style=\"\">SOLIDARITY<\/h3><\/td><\/tr><\/table><table><tr><td><div class=\"desc\">Italyheart's company statute formally undertakes to reserve 2% of the company's annual profits for solidarity initiatives, which are chosen directly by the members of the Ecofamily.<\/div><\/td><\/tr><\/table><\/div><\/div>\t\t<\/div>\n\t\t\t\t<\/div>\n\t\t\t\t\t\t<\/div>\n\t\t\t\t\t<\/div>\n\t\t<\/div>\n\t\t\t\t\t\t\t\t<\/div>\n\t\t\t\t\t<\/div>\n\t\t<\/section>\n\t\t\t\t\t\t<\/div>\n\t\t\t\t\t\t<\/div>\n\t\t\t\t\t<\/div>\n\t\t","protected":false},"excerpt":{"rendered":"<p>We will never fail our values, because they are what guides us and sets us apart. HONESTY AND TRANSPARENCY You will find honesty and transparency in everything we and our partners do. In Le Birigotte products and those from our Pantry, in the dishes we&#8230;<\/p>\n","protected":false},"author":1,"featured_media":0,"parent":0,"menu_order":0,"comment_status":"open","ping_status":"open","template":"full_width.php","meta":{"footnotes":""},"class_list":["post-20898","page","type-page","status-publish","hentry"],"yoast_head":"<!-- This site is optimized with the Yoast SEO plugin v17.3 - https:\/\/yoast.com\/wordpress\/plugins\/seo\/ -->\n<title>Our values - Italyheart<\/title>\n<meta name=\"description\" content=\"Non verremo mai meno ai nostri valori, perch\u00e9 sono ci\u00f2 che ci guida e ci distingue: onest\u00e0, trasparenza, amore per il territorio...\" \/>\n<meta name=\"robots\" content=\"index, follow, max-snippet:-1, max-image-preview:large, max-video-preview:-1\" \/>\n<link rel=\"canonical\" href=\"https:\/\/www.italyheart.it\/en\/our-values\/\" \/>\n<meta property=\"og:locale\" content=\"en_US\" \/>\n<meta property=\"og:type\" content=\"article\" \/>\n<meta property=\"og:title\" content=\"Our values - Italyheart\" \/>\n<meta property=\"og:description\" content=\"Non verremo mai meno ai nostri valori, perch\u00e9 sono ci\u00f2 che ci guida e ci distingue: onest\u00e0, trasparenza, amore per il territorio...\" \/>\n<meta property=\"og:url\" content=\"https:\/\/www.italyheart.it\/en\/our-values\/\" \/>\n<meta property=\"og:site_name\" content=\"Italyheart\" \/>\n<meta property=\"article:modified_time\" content=\"2022-05-20T08:49:31+00:00\" \/>\n<meta property=\"og:image\" content=\"https:\/\/www.italyheart.it\/wp-content\/uploads\/2021\/02\/olives-253264_1920-1.jpg\" \/>\n<meta name=\"twitter:card\" content=\"summary_large_image\" \/>\n<meta name=\"twitter:label1\" content=\"Est. reading time\" \/>\n\t<meta name=\"twitter:data1\" content=\"3 minutes\" \/>\n<script type=\"application\/ld+json\" class=\"yoast-schema-graph\">{\"@context\":\"https:\/\/schema.org\",\"@graph\":[{\"@type\":\"Organization\",\"@id\":\"https:\/\/www.italyheart.it\/#organization\",\"name\":\"Italyheart\",\"url\":\"https:\/\/www.italyheart.it\/\",\"sameAs\":[],\"logo\":{\"@type\":\"ImageObject\",\"@id\":\"https:\/\/www.italyheart.it\/#logo\",\"inLanguage\":\"en-US\",\"url\":\"https:\/\/www.italyheart.it\/wp-content\/uploads\/2020\/12\/italyheart-1-2.png\",\"contentUrl\":\"https:\/\/www.italyheart.it\/wp-content\/uploads\/2020\/12\/italyheart-1-2.png\",\"width\":578,\"height\":378,\"caption\":\"Italyheart\"},\"image\":{\"@id\":\"https:\/\/www.italyheart.it\/#logo\"}},{\"@type\":\"WebSite\",\"@id\":\"https:\/\/www.italyheart.it\/#website\",\"url\":\"https:\/\/www.italyheart.it\/\",\"name\":\"Italyheart\",\"description\":\"Un nuovo sito targato WordPress\",\"publisher\":{\"@id\":\"https:\/\/www.italyheart.it\/#organization\"},\"potentialAction\":[{\"@type\":\"SearchAction\",\"target\":{\"@type\":\"EntryPoint\",\"urlTemplate\":\"https:\/\/www.italyheart.it\/?s={search_term_string}\"},\"query-input\":\"required name=search_term_string\"}],\"inLanguage\":\"en-US\"},{\"@type\":\"ImageObject\",\"@id\":\"https:\/\/www.italyheart.it\/en\/our-values\/#primaryimage\",\"inLanguage\":\"en-US\",\"url\":\"https:\/\/www.italyheart.it\/wp-content\/uploads\/2021\/02\/olives-253264_1920-1.jpg\",\"contentUrl\":\"https:\/\/www.italyheart.it\/wp-content\/uploads\/2021\/02\/olives-253264_1920-1.jpg\",\"width\":1920,\"height\":1281},{\"@type\":\"WebPage\",\"@id\":\"https:\/\/www.italyheart.it\/en\/our-values\/#webpage\",\"url\":\"https:\/\/www.italyheart.it\/en\/our-values\/\",\"name\":\"Our values - Italyheart\",\"isPartOf\":{\"@id\":\"https:\/\/www.italyheart.it\/#website\"},\"primaryImageOfPage\":{\"@id\":\"https:\/\/www.italyheart.it\/en\/our-values\/#primaryimage\"},\"datePublished\":\"2014-03-25T15:18:20+00:00\",\"dateModified\":\"2022-05-20T08:49:31+00:00\",\"description\":\"Non verremo mai meno ai nostri valori, perch\\u00e9 sono ci\\u00f2 che ci guida e ci distingue: onest\\u00e0, trasparenza, amore per il territorio...\",\"breadcrumb\":{\"@id\":\"https:\/\/www.italyheart.it\/en\/our-values\/#breadcrumb\"},\"inLanguage\":\"en-US\",\"potentialAction\":[{\"@type\":\"ReadAction\",\"target\":[\"https:\/\/www.italyheart.it\/en\/our-values\/\"]}]},{\"@type\":\"BreadcrumbList\",\"@id\":\"https:\/\/www.italyheart.it\/en\/our-values\/#breadcrumb\",\"itemListElement\":[{\"@type\":\"ListItem\",\"position\":1,\"name\":\"Home\",\"item\":\"https:\/\/www.italyheart.it\/en\/\"},{\"@type\":\"ListItem\",\"position\":2,\"name\":\"Our values\"}]}]}<\/script>\n<!-- \/ Yoast SEO plugin. -->","yoast_head_json":{"title":"Our values - Italyheart","description":"Non verremo mai meno ai nostri valori, perch\u00e9 sono ci\u00f2 che ci guida e ci distingue: onest\u00e0, trasparenza, amore per il territorio...","robots":{"index":"index","follow":"follow","max-snippet":"max-snippet:-1","max-image-preview":"max-image-preview:large","max-video-preview":"max-video-preview:-1"},"canonical":"https:\/\/www.italyheart.it\/en\/our-values\/","og_locale":"en_US","og_type":"article","og_title":"Our values - Italyheart","og_description":"Non verremo mai meno ai nostri valori, perch\u00e9 sono ci\u00f2 che ci guida e ci distingue: onest\u00e0, trasparenza, amore per il territorio...","og_url":"https:\/\/www.italyheart.it\/en\/our-values\/","og_site_name":"Italyheart","article_modified_time":"2022-05-20T08:49:31+00:00","og_image":[{"url":"https:\/\/www.italyheart.it\/wp-content\/uploads\/2021\/02\/olives-253264_1920-1.jpg"}],"twitter_card":"summary_large_image","twitter_misc":{"Est. reading time":"3 minutes"},"schema":{"@context":"https:\/\/schema.org","@graph":[{"@type":"Organization","@id":"https:\/\/www.italyheart.it\/#organization","name":"Italyheart","url":"https:\/\/www.italyheart.it\/","sameAs":[],"logo":{"@type":"ImageObject","@id":"https:\/\/www.italyheart.it\/#logo","inLanguage":"en-US","url":"https:\/\/www.italyheart.it\/wp-content\/uploads\/2020\/12\/italyheart-1-2.png","contentUrl":"https:\/\/www.italyheart.it\/wp-content\/uploads\/2020\/12\/italyheart-1-2.png","width":578,"height":378,"caption":"Italyheart"},"image":{"@id":"https:\/\/www.italyheart.it\/#logo"}},{"@type":"WebSite","@id":"https:\/\/www.italyheart.it\/#website","url":"https:\/\/www.italyheart.it\/","name":"Italyheart","description":"Un nuovo sito targato WordPress","publisher":{"@id":"https:\/\/www.italyheart.it\/#organization"},"potentialAction":[{"@type":"SearchAction","target":{"@type":"EntryPoint","urlTemplate":"https:\/\/www.italyheart.it\/?s={search_term_string}"},"query-input":"required name=search_term_string"}],"inLanguage":"en-US"},{"@type":"ImageObject","@id":"https:\/\/www.italyheart.it\/en\/our-values\/#primaryimage","inLanguage":"en-US","url":"https:\/\/www.italyheart.it\/wp-content\/uploads\/2021\/02\/olives-253264_1920-1.jpg","contentUrl":"https:\/\/www.italyheart.it\/wp-content\/uploads\/2021\/02\/olives-253264_1920-1.jpg","width":1920,"height":1281},{"@type":"WebPage","@id":"https:\/\/www.italyheart.it\/en\/our-values\/#webpage","url":"https:\/\/www.italyheart.it\/en\/our-values\/","name":"Our values - Italyheart","isPartOf":{"@id":"https:\/\/www.italyheart.it\/#website"},"primaryImageOfPage":{"@id":"https:\/\/www.italyheart.it\/en\/our-values\/#primaryimage"},"datePublished":"2014-03-25T15:18:20+00:00","dateModified":"2022-05-20T08:49:31+00:00","description":"Non verremo mai meno ai nostri valori, perch\u00e9 sono ci\u00f2 che ci guida e ci distingue: onest\u00e0, trasparenza, amore per il territorio...","breadcrumb":{"@id":"https:\/\/www.italyheart.it\/en\/our-values\/#breadcrumb"},"inLanguage":"en-US","potentialAction":[{"@type":"ReadAction","target":["https:\/\/www.italyheart.it\/en\/our-values\/"]}]},{"@type":"BreadcrumbList","@id":"https:\/\/www.italyheart.it\/en\/our-values\/#breadcrumb","itemListElement":[{"@type":"ListItem","position":1,"name":"Home","item":"https:\/\/www.italyheart.it\/en\/"},{"@type":"ListItem","position":2,"name":"Our values"}]}]}},"_links":{"self":[{"href":"https:\/\/www.italyheart.it\/en\/wp-json\/wp\/v2\/pages\/20898","targetHints":{"allow":["GET"]}}],"collection":[{"href":"https:\/\/www.italyheart.it\/en\/wp-json\/wp\/v2\/pages"}],"about":[{"href":"https:\/\/www.italyheart.it\/en\/wp-json\/wp\/v2\/types\/page"}],"author":[{"embeddable":true,"href":"https:\/\/www.italyheart.it\/en\/wp-json\/wp\/v2\/users\/1"}],"replies":[{"embeddable":true,"href":"https:\/\/www.italyheart.it\/en\/wp-json\/wp\/v2\/comments?post=20898"}],"version-history":[{"count":19,"href":"https:\/\/www.italyheart.it\/en\/wp-json\/wp\/v2\/pages\/20898\/revisions"}],"predecessor-version":[{"id":21388,"href":"https:\/\/www.italyheart.it\/en\/wp-json\/wp\/v2\/pages\/20898\/revisions\/21388"}],"wp:attachment":[{"href":"https:\/\/www.italyheart.it\/en\/wp-json\/wp\/v2\/media?parent=20898"}],"curies":[{"name":"wp","href":"https:\/\/api.w.org\/{rel}","templated":true}]}}